{"id":18,"date":"2020-08-26T15:03:13","date_gmt":"2020-08-26T22:03:13","guid":{"rendered":"https:\/\/troubadourworks.com\/tiandi\/meotw\/?page_id=18"},"modified":"2025-01-21T12:10:14","modified_gmt":"2025-01-21T20:10:14","slug":"contact","status":"publish","type":"page","link":"https:\/\/troubadourworks.com\/tiandi\/meotw\/contact\/","title":{"rendered":"Contact"},"content":{"rendered":"<p><b>Email:<\/b> <a href=\"mailto:pinyinww@gmail.com\" title=\"Email me\">pinyinww at gmail.com<\/a><\/p>\n<p><b>X\/Twitter:<\/b>&nbsp;<a href=\"https:\/\/x.com\/tiandilinksnews\" title=\"tiandi, Links News (@TiandiLinksNews) \/ X\">@TiandiLinksNews<\/a><\/p>\n<p><b>Threads:<\/b>&nbsp;<a href=\"https:\/\/www.threads.net\/@tiandilinksnews\" title=\"tiandi, Links News (@tiandilinksnews) \u2022 Threads, Say more\">@tiandilinksnews<\/a><\/p>\n<p><b>Mastodon:<\/b>&nbsp;<a href=\"https:\/\/mastodon.social\/@tiandilinksnews\" title=\"tiandi, Links News (@tiandilinksnews@mastodon.social) - Mastodon\">@tiandilinksnews@mastodon.social<\/a><\/p>\n<p><b>Bluesky:<\/b>&nbsp;<a href=\"https:\/\/bsky.app\/profile\/tiandilinksnews.bsky.social\" title=\"tiandi, Links News (@tiandilinksnews.bsky.social) \u2014 Bluesky\">@tiandilinksnews.bsky.social<\/a><\/p>\n<p><b>Related blogs:<\/b> <a href=\"https:\/\/linksnews.blogspot.com\/\" title=\"Links News Blog\">Links News<\/a>, <a href=\"http:\/\/tiandi.info\/\" title=\"tiandi.info Blog\">tiandi.info<\/a><\/p>\n<p><!--<b>Buy Me a Coffee:<\/b> <a href=\"https:\/\/www.buymeacoffee.com\/tiandi\" title=\"tiandi\">tiandi<\/a>--><\/p>\n<p><script type=\"text\/javascript\" src=\"https:\/\/cdnjs.buymeacoffee.com\/1.0.0\/button.prod.min.js\" data-name=\"bmc-button\" data-slug=\"tiandi\" data-color=\"#F7EBA1\" data-emoji=\"\" data-font=\"Cookie\" data-text=\"Buy me a coffee\" data-outline-color=\"#000000\" data-font-color=\"#000000\" data-coffee-color=\"#ffffff\"><\/script><\/p>\n<p>You can also help support this blog and other related volunteer work, and also get yourself a useful tool for typing <span onclick=\"plus(this)\"><i>P\u012bny\u012bn<\/i><\/span><span class=\"plusinfo\" onclick=\"minus(this)\">\n\t\t\t(P\u012bn\u00b7y\u012bn\n\t\t\t<span class=\"lit\">{Piecing Together of} \u00b7 Sounds \u2192<\/span> <span class=\"mt\">[Pinyin]<\/span>\n\t\t\t\u62fc\u97f3)<\/span> with tone marks on iOS\/iPadOS devices, by downloading and telling others about my app <a href=\"https:\/\/troubadourworks.com\/pinyintypist\/\" title=\"P\u012bny\u012bn Typist&mdash;The quickest, easiest, most natural &amp; fun way to type P\u012bny\u012bn on the iPad, iPhone, &amp; iPod touch\">Pinyin Typist<\/a>:<\/p>\n<p><a href=\"https:\/\/apps.apple.com\/us\/app\/pinyin-typist\/id443069995?itsct=apps_box&#038;itscg=30200\" title=\"P\u012bny\u012bn Typist on the App Store\"><img loading=\"lazy\" decoding=\"async\" width=\"243\" height=\"72\" src=\"https:\/\/troubadourworks.com\/tiandi\/meotw\/img\/Download_on_the_App_Store_Badge_US-UK_135x40.svg\" alt=\"App Store Badge\"><\/a><\/p>\n","protected":false},"excerpt":{"rendered":"<p>Email: pinyinww at gmail.com X\/Twitter:&nbsp;@TiandiLinksNews Threads:&nbsp;@tiandilinksnews Mastodon:&nbsp;@tiandilinksnews@mastodon.social Bluesky:&nbsp;@tiandilinksnews.bsky.social Related blogs: Links News, tiandi.info You can also help support this blog and other related volunteer work, and also get yourself a useful tool for typing with tone marks on iOS\/iPadOS devices, by downloading and telling others about my app Pinyin Typist:<\/p>\n","protected":false},"author":1,"featured_media":0,"parent":0,"menu_order":0,"comment_status":"closed","ping_status":"closed","template":"","meta":{"footnotes":""},"class_list":["post-18","page","type-page","status-publish","hentry"],"yoast_head":"<!-- This site is optimized with the Yoast SEO plugin v27.3 - https:\/\/yoast.com\/product\/yoast-seo-wordpress\/ -->\n<title>Contact - Mandarin Expression of the Week<\/title>\n<meta name=\"robots\" content=\"index, follow, max-snippet:-1, max-image-preview:large, max-video-preview:-1\" \/>\n<link rel=\"canonical\" href=\"https:\/\/troubadourworks.com\/tiandi\/meotw\/contact\/\" \/>\n<meta property=\"og:locale\" content=\"en_US\" \/>\n<meta property=\"og:type\" content=\"article\" \/>\n<meta property=\"og:title\" content=\"Contact - Mandarin Expression of the Week\" \/>\n<meta property=\"og:description\" content=\"Email: pinyinww at gmail.com X\/Twitter:&nbsp;@TiandiLinksNews Threads:&nbsp;@tiandilinksnews Mastodon:&nbsp;@tiandilinksnews@mastodon.social Bluesky:&nbsp;@tiandilinksnews.bsky.social Related blogs: Links News, tiandi.info You can also help support this blog and other related volunteer work, and also get yourself a useful tool for typing with tone marks on iOS\/iPadOS devices, by downloading and telling others about my app Pinyin Typist:\" \/>\n<meta property=\"og:url\" content=\"https:\/\/troubadourworks.com\/tiandi\/meotw\/contact\/\" \/>\n<meta property=\"og:site_name\" content=\"Mandarin Expression of the Week\" \/>\n<meta property=\"article:modified_time\" content=\"2025-01-21T20:10:14+00:00\" \/>\n<meta property=\"og:image\" content=\"https:\/\/troubadourworks.com\/tiandi\/meotw\/img\/Download_on_the_App_Store_Badge_US-UK_135x40.svg\" \/>\n<meta name=\"twitter:card\" content=\"summary_large_image\" \/>\n<meta name=\"twitter:site\" content=\"@TiandiLinksNews\" \/>\n<meta name=\"twitter:label1\" content=\"Est. reading time\" \/>\n\t<meta name=\"twitter:data1\" content=\"1 minute\" \/>\n<script type=\"application\/ld+json\" class=\"yoast-schema-graph\">{\"@context\":\"https:\\\/\\\/schema.org\",\"@graph\":[{\"@type\":\"WebPage\",\"@id\":\"https:\\\/\\\/troubadourworks.com\\\/tiandi\\\/meotw\\\/contact\\\/\",\"url\":\"https:\\\/\\\/troubadourworks.com\\\/tiandi\\\/meotw\\\/contact\\\/\",\"name\":\"Contact - Mandarin Expression of the Week\",\"isPartOf\":{\"@id\":\"https:\\\/\\\/troubadourworks.com\\\/tiandi\\\/meotw\\\/#website\"},\"primaryImageOfPage\":{\"@id\":\"https:\\\/\\\/troubadourworks.com\\\/tiandi\\\/meotw\\\/contact\\\/#primaryimage\"},\"image\":{\"@id\":\"https:\\\/\\\/troubadourworks.com\\\/tiandi\\\/meotw\\\/contact\\\/#primaryimage\"},\"thumbnailUrl\":\"https:\\\/\\\/troubadourworks.com\\\/tiandi\\\/meotw\\\/img\\\/Download_on_the_App_Store_Badge_US-UK_135x40.svg\",\"datePublished\":\"2020-08-26T22:03:13+00:00\",\"dateModified\":\"2025-01-21T20:10:14+00:00\",\"breadcrumb\":{\"@id\":\"https:\\\/\\\/troubadourworks.com\\\/tiandi\\\/meotw\\\/contact\\\/#breadcrumb\"},\"inLanguage\":\"en-US\",\"potentialAction\":[{\"@type\":\"ReadAction\",\"target\":[\"https:\\\/\\\/troubadourworks.com\\\/tiandi\\\/meotw\\\/contact\\\/\"]}]},{\"@type\":\"ImageObject\",\"inLanguage\":\"en-US\",\"@id\":\"https:\\\/\\\/troubadourworks.com\\\/tiandi\\\/meotw\\\/contact\\\/#primaryimage\",\"url\":\"https:\\\/\\\/troubadourworks.com\\\/tiandi\\\/meotw\\\/img\\\/Download_on_the_App_Store_Badge_US-UK_135x40.svg\",\"contentUrl\":\"https:\\\/\\\/troubadourworks.com\\\/tiandi\\\/meotw\\\/img\\\/Download_on_the_App_Store_Badge_US-UK_135x40.svg\"},{\"@type\":\"BreadcrumbList\",\"@id\":\"https:\\\/\\\/troubadourworks.com\\\/tiandi\\\/meotw\\\/contact\\\/#breadcrumb\",\"itemListElement\":[{\"@type\":\"ListItem\",\"position\":1,\"name\":\"Home\",\"item\":\"https:\\\/\\\/troubadourworks.com\\\/tiandi\\\/meotw\\\/\"},{\"@type\":\"ListItem\",\"position\":2,\"name\":\"Contact\"}]},{\"@type\":\"WebSite\",\"@id\":\"https:\\\/\\\/troubadourworks.com\\\/tiandi\\\/meotw\\\/#website\",\"url\":\"https:\\\/\\\/troubadourworks.com\\\/tiandi\\\/meotw\\\/\",\"name\":\"Mandarin Expression of the Week\",\"description\":\"Discussions for Mandarin field language learners about Mandarin expressions and related topics\",\"potentialAction\":[{\"@type\":\"SearchAction\",\"target\":{\"@type\":\"EntryPoint\",\"urlTemplate\":\"https:\\\/\\\/troubadourworks.com\\\/tiandi\\\/meotw\\\/?s={search_term_string}\"},\"query-input\":{\"@type\":\"PropertyValueSpecification\",\"valueRequired\":true,\"valueName\":\"search_term_string\"}}],\"inLanguage\":\"en-US\"}]}<\/script>\n<!-- \/ Yoast SEO plugin. -->","yoast_head_json":{"title":"Contact - Mandarin Expression of the Week","robots":{"index":"index","follow":"follow","max-snippet":"max-snippet:-1","max-image-preview":"max-image-preview:large","max-video-preview":"max-video-preview:-1"},"canonical":"https:\/\/troubadourworks.com\/tiandi\/meotw\/contact\/","og_locale":"en_US","og_type":"article","og_title":"Contact - Mandarin Expression of the Week","og_description":"Email: pinyinww at gmail.com X\/Twitter:&nbsp;@TiandiLinksNews Threads:&nbsp;@tiandilinksnews Mastodon:&nbsp;@tiandilinksnews@mastodon.social Bluesky:&nbsp;@tiandilinksnews.bsky.social Related blogs: Links News, tiandi.info You can also help support this blog and other related volunteer work, and also get yourself a useful tool for typing with tone marks on iOS\/iPadOS devices, by downloading and telling others about my app Pinyin Typist:","og_url":"https:\/\/troubadourworks.com\/tiandi\/meotw\/contact\/","og_site_name":"Mandarin Expression of the Week","article_modified_time":"2025-01-21T20:10:14+00:00","og_image":[{"url":"https:\/\/troubadourworks.com\/tiandi\/meotw\/img\/Download_on_the_App_Store_Badge_US-UK_135x40.svg","type":"","width":"","height":""}],"twitter_card":"summary_large_image","twitter_site":"@TiandiLinksNews","twitter_misc":{"Est. reading time":"1 minute"},"schema":{"@context":"https:\/\/schema.org","@graph":[{"@type":"WebPage","@id":"https:\/\/troubadourworks.com\/tiandi\/meotw\/contact\/","url":"https:\/\/troubadourworks.com\/tiandi\/meotw\/contact\/","name":"Contact - Mandarin Expression of the Week","isPartOf":{"@id":"https:\/\/troubadourworks.com\/tiandi\/meotw\/#website"},"primaryImageOfPage":{"@id":"https:\/\/troubadourworks.com\/tiandi\/meotw\/contact\/#primaryimage"},"image":{"@id":"https:\/\/troubadourworks.com\/tiandi\/meotw\/contact\/#primaryimage"},"thumbnailUrl":"https:\/\/troubadourworks.com\/tiandi\/meotw\/img\/Download_on_the_App_Store_Badge_US-UK_135x40.svg","datePublished":"2020-08-26T22:03:13+00:00","dateModified":"2025-01-21T20:10:14+00:00","breadcrumb":{"@id":"https:\/\/troubadourworks.com\/tiandi\/meotw\/contact\/#breadcrumb"},"inLanguage":"en-US","potentialAction":[{"@type":"ReadAction","target":["https:\/\/troubadourworks.com\/tiandi\/meotw\/contact\/"]}]},{"@type":"ImageObject","inLanguage":"en-US","@id":"https:\/\/troubadourworks.com\/tiandi\/meotw\/contact\/#primaryimage","url":"https:\/\/troubadourworks.com\/tiandi\/meotw\/img\/Download_on_the_App_Store_Badge_US-UK_135x40.svg","contentUrl":"https:\/\/troubadourworks.com\/tiandi\/meotw\/img\/Download_on_the_App_Store_Badge_US-UK_135x40.svg"},{"@type":"BreadcrumbList","@id":"https:\/\/troubadourworks.com\/tiandi\/meotw\/contact\/#breadcrumb","itemListElement":[{"@type":"ListItem","position":1,"name":"Home","item":"https:\/\/troubadourworks.com\/tiandi\/meotw\/"},{"@type":"ListItem","position":2,"name":"Contact"}]},{"@type":"WebSite","@id":"https:\/\/troubadourworks.com\/tiandi\/meotw\/#website","url":"https:\/\/troubadourworks.com\/tiandi\/meotw\/","name":"Mandarin Expression of the Week","description":"Discussions for Mandarin field language learners about Mandarin expressions and related topics","potentialAction":[{"@type":"SearchAction","target":{"@type":"EntryPoint","urlTemplate":"https:\/\/troubadourworks.com\/tiandi\/meotw\/?s={search_term_string}"},"query-input":{"@type":"PropertyValueSpecification","valueRequired":true,"valueName":"search_term_string"}}],"inLanguage":"en-US"}]}},"jetpack_sharing_enabled":true,"jetpack_likes_enabled":true,"_links":{"self":[{"href":"https:\/\/troubadourworks.com\/tiandi\/meotw\/wp-json\/wp\/v2\/pages\/18","targetHints":{"allow":["GET"]}}],"collection":[{"href":"https:\/\/troubadourworks.com\/tiandi\/meotw\/wp-json\/wp\/v2\/pages"}],"about":[{"href":"https:\/\/troubadourworks.com\/tiandi\/meotw\/wp-json\/wp\/v2\/types\/page"}],"author":[{"embeddable":true,"href":"https:\/\/troubadourworks.com\/tiandi\/meotw\/wp-json\/wp\/v2\/users\/1"}],"replies":[{"embeddable":true,"href":"https:\/\/troubadourworks.com\/tiandi\/meotw\/wp-json\/wp\/v2\/comments?post=18"}],"version-history":[{"count":25,"href":"https:\/\/troubadourworks.com\/tiandi\/meotw\/wp-json\/wp\/v2\/pages\/18\/revisions"}],"predecessor-version":[{"id":5851,"href":"https:\/\/troubadourworks.com\/tiandi\/meotw\/wp-json\/wp\/v2\/pages\/18\/revisions\/5851"}],"wp:attachment":[{"href":"https:\/\/troubadourworks.com\/tiandi\/meotw\/wp-json\/wp\/v2\/media?parent=18"}],"curies":[{"name":"wp","href":"https:\/\/api.w.org\/{rel}","templated":true}]}}